{"id":683,"date":"2017-06-05T20:28:49","date_gmt":"2017-06-05T17:28:49","guid":{"rendered":"https:\/\/svms.ee\/?post_type=product&#038;p=683\/"},"modified":"2017-06-06T09:57:58","modified_gmt":"2017-06-06T06:57:58","slug":"polirovalnyj-stanok-ldt-1000","status":"publish","type":"product","link":"https:\/\/old.svms.ee\/ru\/tovar\/oborudovanie-dlya-obrabotki-poverhnosti\/polirovalnoe-oborudovanie-ru\/avtomaticheskoe-ru\/polirovalnyj-stanok-ldt-1000\/","title":{"rendered":"LDT 1000"},"content":{"rendered":"<div class=\"wpb-content-wrapper\"><p>[vc_row css=&#187;.vc_custom_1496152877279{margin-top: 30px !important;}&#187;][vc_column][vc_column_text]<\/p>\n<h3 style=\"text-align: justify;\">\u041f\u043e\u043b\u0438\u0440\u043e\u0432\u0430\u043b\u044c\u043d\u044b\u0439 \u0441\u0442\u0430\u043d\u043e\u043a, LDT 1000<\/h3>\n<p>[\/vc_column_text][vc_row_inner content_placement=&#187;middle&#187;][vc_column_inner width=&#187;1\/2&#8243;][vc_single_image image=&#187;682&#8243; img_size=&#187;large&#187; alignment=&#187;center&#187; onclick=&#187;img_link_large&#187;][\/vc_column_inner][vc_column_inner width=&#187;1\/2&#8243;][vc_video link=&#187;https:\/\/youtu.be\/xKCSpo0BBd4&#8243; title=&#187;T\u00f6\u00f6pingi t\u00f6\u00f6tamise video&#187;][\/vc_column_inner][\/vc_row_inner][vc_column_text]<\/p>\n<p style=\"text-align: justify;\">\u0421\u0442\u0430\u043d\u043e\u043a \u0434\u043b\u044f \u043f\u043e\u043b\u0438\u0440\u043e\u0432\u043a\u0438 \u043d\u0435\u0431\u043e\u043b\u044c\u0448\u0438\u0445 \u0434\u0435\u0442\u0430\u043b\u0435\u0439, \u0438\u0437\u0433\u043e\u0442\u043e\u0432\u043b\u0435\u043d\u043d\u044b\u0445 \u0438\u0437 \u0441\u0442\u0430\u043b\u0438, \u0434\u0435\u0440\u0435\u0432\u0430, \u0441\u0442\u0435\u043a\u043b\u0430 \u0438 \u0442.\u0434., \u0442\u0430\u043a\u0438\u0445 \u043a\u0430\u043a \u0442\u0440\u0443\u0431\u043a\u0438, \u043d\u0430\u043a\u043e\u043d\u0435\u0447\u043d\u0438\u043a\u0438, \u043a\u043e\u043b\u044c\u0446\u0430, \u0442.\u0434.<\/p>\n<h4 style=\"text-align: justify;\">\u041f\u0440\u0438\u043d\u0446\u0438\u043f \u0434\u0435\u0439\u0441\u0442\u0432\u0438\u044f.<\/h4>\n<p style=\"text-align: justify;\">\u041f\u0435\u0440\u0432\u0430\u044f \u043e\u0431\u0440\u0430\u0431\u0430\u0442\u044b\u0432\u0430\u0435\u043c\u0430\u044f \u0437\u0430\u0433\u043e\u0442\u043e\u0432\u043a\u0430 \u0437\u0430\u043a\u0440\u0435\u043f\u043b\u0435\u043d\u0430 \u043c\u0435\u0436\u0434\u0443 \u0434\u0432\u0443\u043c\u044f \u0432\u0440\u0430\u0449\u0430\u044e\u0449\u0438\u043c\u0438\u0441\u044f \u0446\u0435\u043d\u0442\u0440\u0430\u043c\u0438 (\u0443\u0441\u0442\u0430\u043d\u043e\u0432\u043b\u0435\u043d\u043d\u044b\u043c\u0438 \u043d\u0430 3-\u043f\u043e\u0437\u0438\u0446\u0438\u043e\u043d\u043d\u043e\u043c \u0434\u0435\u043b\u0438\u0442\u0435\u043b\u044c\u043d\u043e\u043c \u0441\u0442\u043e\u043b\u0435). \u041f\u0440\u0438 \u043a\u0430\u0436\u0434\u043e\u043c \u043f\u043e\u0432\u043e\u0440\u043e\u0442\u0435 \u0434\u0435\u043b\u0438\u0442\u0435\u043b\u044c\u043d\u043e\u0433\u043e \u0441\u0442\u043e\u043b\u0430 \u0437\u0430\u0433\u043e\u0442\u043e\u0432\u043a\u0430 (\u043d\u0430\u0445\u043e\u0434\u0438\u0442\u0441\u044f \u0432 \u043f\u043e\u043b\u043e\u0436\u0435\u043d\u0438\u0438 \u043d\u0430\u0433\u0440\u0443\u0437\u043a\u0438) \u0443\u0441\u0442\u0430\u043d\u0430\u0432\u043b\u0438\u0432\u0430\u0435\u0442\u0441\u044f \u0432 \u043f\u0435\u0440\u0432\u043e\u0435 \u0440\u0430\u0431\u043e\u0447\u0435\u0435 \u043f\u043e\u043b\u043e\u0436\u0435\u043d\u0438\u0435 (\u0447\u0435\u0440\u043d\u043e\u0432\u0430\u044f \u043e\u0431\u0440\u0430\u0431\u043e\u0442\u043a\u0430), \u0433\u0434\u0435 \u043e\u043d\u0430 \u043d\u0430\u0447\u0438\u043d\u0430\u0435\u0442 \u0432\u0440\u0430\u0449\u0430\u0442\u044c\u0441\u044f. \u0417\u0430\u0433\u043e\u0442\u043e\u0432\u043a\u0430 \u043e\u0442 \u043f\u0435\u0440\u0432\u043e\u0433\u043e \u0440\u0430\u0431\u043e\u0447\u0435\u0433\u043e \u043f\u043e\u043b\u043e\u0436\u0435\u043d\u0438\u044f \u043f\u0435\u0440\u0435\u043c\u0435\u0449\u0430\u0435\u0442\u0441\u044f \u0432\u043e \u0432\u0442\u043e\u0440\u043e\u0435 (\u0447\u0438\u0441\u0442\u043e\u0432\u0430\u044f \u043e\u0431\u0440\u0430\u0431\u043e\u0442\u043a\u0430), \u0432 \u0442\u043e \u0432\u0440\u0435\u043c\u044f \u043a\u0430\u043a \u0437\u0430\u0433\u043e\u0442\u043e\u0432\u043a\u0430, \u0443\u0441\u0442\u0430\u043d\u043e\u0432\u043b\u0435\u043d\u043d\u0430\u044f \u0432\u043e \u0432\u0442\u043e\u0440\u043e\u0439 \u043f\u043e\u0437\u0438\u0446\u0438\u0438, \u043f\u043e\u0432\u043e\u0440\u0430\u0447\u0438\u0432\u0430\u0435\u0442\u0441\u044f \u0432 \u043f\u043e\u043b\u043e\u0436\u0435\u043d\u0438\u0435 \u043d\u0430\u0433\u0440\u0443\u0437\u043a\u0438, \u0437\u0430\u0442\u0435\u043c \u043e\u043d\u0430 \u043f\u043e\u0434\u043d\u0438\u043c\u0430\u0435\u0442\u0441\u044f \u0438 \u0437\u0430\u043c\u0435\u043d\u044f\u0435\u0442\u0441\u044f \u043d\u043e\u0432\u043e\u0439 \u043e\u0431\u0440\u0430\u0431\u0430\u0442\u044b\u0432\u0430\u0435\u043c\u043e\u0439 \u0437\u0430\u0433\u043e\u0442\u043e\u0432\u043a\u043e\u0439. \u041a\u0430\u0436\u0434\u0430\u044f \u0440\u0430\u0431\u043e\u0447\u0430\u044f \u0433\u0440\u0443\u043f\u043f\u0430 \u043e\u0431\u043e\u0440\u0443\u0434\u043e\u0432\u0430\u043d\u0430 \u0434\u0432\u0443\u043c\u044f \u043d\u0430\u043f\u0440\u0430\u0432\u043b\u044f\u044e\u0449\u0438\u043c\u0438: \u043f\u043e \u043e\u0434\u043d\u043e\u0439 \u0438\u0437 \u043d\u0438\u0445 \u043f\u043e\u043b\u0438\u0440\u043e\u0432\u043e\u0447\u043d\u0430\u044f \u0449\u0435\u0442\u043a\u0430 \u043f\u043e\u0434\u0430\u0435\u0442\u0441\u044f \u043a \u0437\u0430\u0433\u043e\u0442\u043e\u0432\u043a\u0435, \u043f\u043e \u0432\u0442\u043e\u0440\u043e\u0439 \u043f\u0440\u043e\u0438\u0441\u0445\u043e\u0434\u0438\u0442 \u043f\u0440\u043e\u0434\u043e\u043b\u044c\u043d\u043e\u0435 \u043f\u0435\u0440\u0435\u043c\u0435\u0449\u0435\u043d\u0438\u0435 \u0449\u0435\u0442\u043e\u043a \u0432 \u0434\u0432\u0443\u0445 \u043d\u0430\u043f\u0440\u0430\u0432\u043b\u0435\u043d\u0438\u044f\u0445. \u0422\u0430\u0439\u043c\u0435\u0440 \u0443\u043f\u0440\u0430\u0432\u043b\u044f\u0435\u0442 \u0440\u0430\u0431\u043e\u0447\u0438\u043c \u0446\u0438\u043a\u043b\u043e\u043c, \u0430 \u0443\u043f\u0440\u0430\u0432\u043b\u0435\u043d\u0438\u0435 \u0432\u0440\u0430\u0449\u0435\u043d\u0438\u0435\u043c \u0437\u0430\u0433\u043e\u0442\u043e\u0432\u043e\u043a \u043e\u0441\u0443\u0449\u0435\u0441\u0442\u0432\u043b\u044f\u0435\u0442\u0441\u044f \u043f\u043e\u0441\u0440\u0435\u0434\u0441\u0442\u0432\u043e\u043c \u0434\u0432\u0438\u0433\u0430\u0442\u0435\u043b\u044f \u0441 \u0440\u0435\u0433\u0443\u043b\u0438\u0440\u0443\u0435\u043c\u043e\u0439 \u0447\u0430\u0441\u0442\u043e\u0442\u043e\u0439 \u0432\u0440\u0430\u0449\u0435\u043d\u0438\u044f.<\/p>\n<p>[\/vc_column_text][vc_column_text]<strong>TEHNILISED ANDMED:<\/strong><\/p>\n<table>\n<tbody>\n<tr>\n<td>\u041c\u0438\u043d. \u0434\u043b\u0438\u043d\u0430 \u0434\u0435\u0442\u0430\u043b\u0438<\/td>\n<td>100 \u043c\u043c<\/td>\n<\/tr>\n<tr>\n<td>\u041c\u0430\u043a\u0441. \u0434\u043b\u0438\u043d\u0430 \u0434\u0435\u0442\u0430\u043b\u0438<\/td>\n<td>1000 \u043c\u043c<\/td>\n<\/tr>\n<tr>\n<td>\u041c\u0438\u043d. \u00d8<\/td>\n<td>13 \u043c\u043c<\/td>\n<\/tr>\n<tr>\n<td>\u041c\u0430\u043a\u0441. \u00d8<\/td>\n<td>50 \u043c\u043c<\/td>\n<\/tr>\n<tr>\n<td>\u0412\u0440\u0430\u0449\u0435\u043d\u0438\u0435 \u0449\u0435\u0442\u043e\u043a \u043e\u0431.\/\u043c\u0438\u043d<\/td>\n<td>2880 RPM<\/td>\n<\/tr>\n<tr>\n<td>\u0412\u0440\u0430\u0449\u0435\u043d\u0438\u0435 \u0434\u0435\u0442\u0430\u043b\u0438 \u043e\u0431.\/\u043c\u0438\u043d<\/td>\n<td>10 \u00f750 RPM<\/td>\n<\/tr>\n<tr>\n<td>\u041c\u0430\u043a\u0441. \u0434\u0438\u0430\u043c\u0435\u0442\u0440 \u0449\u0435\u0442\u043a\u0438<\/td>\n<td>400 \u043c\u043c<\/td>\n<\/tr>\n<tr>\n<td>\u041c\u0430\u043a\u0441. \u0442\u043e\u043b\u0449\u0438\u043d\u0430 \u0449\u0435\u0442\u043a\u0438<\/td>\n<td>50 \u043c\u043c<\/td>\n<\/tr>\n<tr>\n<td>\u0412\u0435\u0441<\/td>\n<td>830 \u041a\u0433<\/td>\n<\/tr>\n<\/tbody>\n<\/table>\n<p>[\/vc_column_text][\/vc_column][\/vc_row]<\/p>\n<\/div>","protected":false},"excerpt":{"rendered":"<p>[vc_row css=&#187;.vc_custom_1496152877279{margin-top: 30px !important;}&#187;][vc_column][vc_column_text] \u041f\u043e\u043b\u0438\u0440\u043e\u0432\u0430\u043b\u044c\u043d\u044b\u0439 \u0441\u0442\u0430\u043d\u043e\u043a, LDT 1000 [\/vc_column_text][vc_row_inner content_placement=&#187;middle&#187;][vc_column_inner width=&#187;1\/2&#8243;][vc_single_image image=&#187;682&#8243; img_size=&#187;large&#187; alignment=&#187;center&#187; onclick=&#187;img_link_large&#187;][\/vc_column_inner][vc_column_inner width=&#187;1\/2&#8243;][vc_video link=&#187;https:\/\/youtu.be\/xKCSpo0BBd4&#8243; title=&#187;T\u00f6\u00f6pingi t\u00f6\u00f6tamise video&#187;][\/vc_column_inner][\/vc_row_inner][vc_column_text] \u0421\u0442\u0430\u043d\u043e\u043a \u0434\u043b\u044f \u043f\u043e\u043b\u0438\u0440\u043e\u0432\u043a\u0438 \u043d\u0435\u0431\u043e\u043b\u044c\u0448\u0438\u0445 \u0434\u0435\u0442\u0430\u043b\u0435\u0439, \u0438\u0437\u0433\u043e\u0442\u043e\u0432\u043b\u0435\u043d\u043d\u044b\u0445 \u0438\u0437 \u0441\u0442\u0430\u043b\u0438, \u0434\u0435\u0440\u0435\u0432\u0430, \u0441\u0442\u0435\u043a\u043b\u0430<\/p>\n","protected":false},"featured_media":681,"comment_status":"closed","ping_status":"closed","template":"","meta":[],"product_cat":[151,152,153],"product_tag":[],"aioseo_notices":[],"_links":{"self":[{"href":"https:\/\/old.svms.ee\/ru\/wp-json\/wp\/v2\/product\/683"}],"collection":[{"href":"https:\/\/old.svms.ee\/ru\/wp-json\/wp\/v2\/product"}],"about":[{"href":"https:\/\/old.svms.ee\/ru\/wp-json\/wp\/v2\/types\/product"}],"replies":[{"embeddable":true,"href":"https:\/\/old.svms.ee\/ru\/wp-json\/wp\/v2\/comments?post=683"}],"wp:featuredmedia":[{"embeddable":true,"href":"https:\/\/old.svms.ee\/ru\/wp-json\/wp\/v2\/media\/681"}],"wp:attachment":[{"href":"https:\/\/old.svms.ee\/ru\/wp-json\/wp\/v2\/media?parent=683"}],"wp:term":[{"taxonomy":"product_cat","embeddable":true,"href":"https:\/\/old.svms.ee\/ru\/wp-json\/wp\/v2\/product_cat?post=683"},{"taxonomy":"product_tag","embeddable":true,"href":"https:\/\/old.svms.ee\/ru\/wp-json\/wp\/v2\/product_tag?post=683"}],"curies":[{"name":"wp","href":"https:\/\/api.w.org\/{rel}","templated":true}]}}